{"id":16,"date":"2025-01-27T08:51:21","date_gmt":"2025-01-27T07:51:21","guid":{"rendered":"https:\/\/financialplanning.adrirodrigom3.es\/?page_id=16"},"modified":"2025-12-17T17:31:01","modified_gmt":"2025-12-17T16:31:01","slug":"legal","status":"publish","type":"page","link":"https:\/\/financialplanning.adrirodrigom3.es\/en\/legal\/","title":{"rendered":"Legal Notice"},"content":{"rendered":"<div data-elementor-type=\"wp-page\" data-elementor-id=\"16\" class=\"elementor elementor-16\" data-elementor-post-type=\"page\">\n\t\t\t\t<div class=\"elementor-element elementor-element-328739d e-flex e-con-boxed e-con e-parent\" data-id=\"328739d\" data-element_type=\"container\" data-e-type=\"container\">\n\t\t\t\t\t<div class=\"e-con-inner\">\n\t\t<div class=\"elementor-element elementor-element-7729364 e-con-full e-flex e-con e-child\" data-id=\"7729364\" data-element_type=\"container\" data-e-type=\"container\">\n\t\t\t\t<div class=\"elementor-element elementor-element-d6aa6bc elementor-widget elementor-widget-heading\" data-id=\"d6aa6bc\" data-element_type=\"widget\" data-e-type=\"widget\" data-widget_type=\"heading.default\">\n\t\t\t\t<div class=\"elementor-widget-container\">\n\t\t\t\t\t<h2 class=\"elementor-heading-title elementor-size-default\">Aviso Legal<\/h2>\t\t\t\t<\/div>\n\t\t\t\t<\/div>\n\t\t\t\t<div class=\"elementor-element elementor-element-7f4cc3d elementor-widget elementor-widget-text-editor\" data-id=\"7f4cc3d\" data-element_type=\"widget\" data-e-type=\"widget\" data-widget_type=\"text-editor.default\">\n\t\t\t\t<div class=\"elementor-widget-container\">\n\t\t\t\t\t\t\t\t\t<p>Capital Sur Planning\u00ae<\/p><p>El presente Aviso Legal regula el acceso, navegaci\u00f3n y uso del sitio web de <strong>Capital Sur Planning\u00ae<\/strong>, conforme a la legislaci\u00f3n vigente en Espa\u00f1a, en especial la <strong>Ley 34\/2002, de Servicios de la Sociedad de la Informaci\u00f3n y de Comercio Electr\u00f3nico (LSSI-CE)<\/strong>.<\/p><p>Los datos identificativos completos del titular (raz\u00f3n social, NIF\/CIF, domicilio social y datos de contacto) ser\u00e1n incorporados una vez sean facilitados por el cliente, conforme a las exigencias legales aplicables.<\/p><p>Capital Sur Planning\u00ae es titular exclusivo \u2014o dispone de los derechos de uso correspondientes\u2014 de todos los elementos que integran el sitio web, incluyendo textos, dise\u00f1os, estructuras, interfaces, logotipos, marcas, nombres comerciales, c\u00f3digo fuente, contenidos corporativos, productos, servicios y metodolog\u00edas propias.<\/p>\t\t\t\t\t\t\t\t<\/div>\n\t\t\t\t<\/div>\n\t\t\t\t<\/div>\n\t\t\t\t\t<\/div>\n\t\t\t\t<\/div>\n\t\t\t\t<\/div>","protected":false},"excerpt":{"rendered":"<p>Aviso Legal Capital Sur Planning\u00ae El presente Aviso Legal regula el acceso, navegaci\u00f3n y uso del sitio web de Capital Sur Planning\u00ae, conforme a la legislaci\u00f3n vigente en Espa\u00f1a, en especial la Ley 34\/2002, de Servicios de la Sociedad de la Informaci\u00f3n y de Comercio Electr\u00f3nico (LSSI-CE). Los datos identificativos completos del titular (raz\u00f3n social, [&hellip;]<\/p>\n","protected":false},"author":2,"featured_media":0,"parent":0,"menu_order":0,"comment_status":"closed","ping_status":"closed","template":"elementor_header_footer","meta":{"_joinchat":[],"footnotes":""},"class_list":["post-16","page","type-page","status-publish","hentry"],"yoast_head":"<!-- This site is optimized with the Yoast SEO plugin v27.4 - https:\/\/yoast.com\/product\/yoast-seo-wordpress\/ -->\n<title>Aviso legal - CS Financial Planning<\/title>\n<meta name=\"robots\" content=\"noindex, follow\" \/>\n<meta property=\"og:locale\" content=\"en_US\" \/>\n<meta property=\"og:type\" content=\"article\" \/>\n<meta property=\"og:title\" content=\"Aviso legal - CS Financial Planning\" \/>\n<meta property=\"og:description\" content=\"Aviso Legal Capital Sur Planning\u00ae El presente Aviso Legal regula el acceso, navegaci\u00f3n y uso del sitio web de Capital Sur Planning\u00ae, conforme a la legislaci\u00f3n vigente en Espa\u00f1a, en especial la Ley 34\/2002, de Servicios de la Sociedad de la Informaci\u00f3n y de Comercio Electr\u00f3nico (LSSI-CE). Los datos identificativos completos del titular (raz\u00f3n social, [&hellip;]\" \/>\n<meta property=\"og:url\" content=\"https:\/\/financialplanning.adrirodrigom3.es\/en\/legal\/\" \/>\n<meta property=\"og:site_name\" content=\"CS Financial Planning\" \/>\n<meta property=\"article:modified_time\" content=\"2025-12-17T16:31:01+00:00\" \/>\n<meta name=\"twitter:card\" content=\"summary_large_image\" \/>\n<meta name=\"twitter:label1\" content=\"Est. reading time\" \/>\n\t<meta name=\"twitter:data1\" content=\"1 minute\" \/>\n<script type=\"application\/ld+json\" class=\"yoast-schema-graph\">{\"@context\":\"https:\\\/\\\/schema.org\",\"@graph\":[{\"@type\":\"WebPage\",\"@id\":\"https:\\\/\\\/financialplanning.adrirodrigom3.es\\\/legal\\\/\",\"url\":\"https:\\\/\\\/financialplanning.adrirodrigom3.es\\\/legal\\\/\",\"name\":\"Aviso legal - CS Financial Planning\",\"isPartOf\":{\"@id\":\"https:\\\/\\\/financialplanning.adrirodrigom3.es\\\/#website\"},\"datePublished\":\"2025-01-27T07:51:21+00:00\",\"dateModified\":\"2025-12-17T16:31:01+00:00\",\"breadcrumb\":{\"@id\":\"https:\\\/\\\/financialplanning.adrirodrigom3.es\\\/legal\\\/#breadcrumb\"},\"inLanguage\":\"en-US\",\"potentialAction\":[{\"@type\":\"ReadAction\",\"target\":[\"https:\\\/\\\/financialplanning.adrirodrigom3.es\\\/legal\\\/\"]}]},{\"@type\":\"BreadcrumbList\",\"@id\":\"https:\\\/\\\/financialplanning.adrirodrigom3.es\\\/legal\\\/#breadcrumb\",\"itemListElement\":[{\"@type\":\"ListItem\",\"position\":1,\"name\":\"Portada\",\"item\":\"https:\\\/\\\/financialplanning.adrirodrigom3.es\\\/\"},{\"@type\":\"ListItem\",\"position\":2,\"name\":\"Aviso legal\"}]},{\"@type\":\"WebSite\",\"@id\":\"https:\\\/\\\/financialplanning.adrirodrigom3.es\\\/#website\",\"url\":\"https:\\\/\\\/financialplanning.adrirodrigom3.es\\\/\",\"name\":\"CS Financial Planning\",\"description\":\"servicios de educaci\u00f3n y planificaci\u00f3n financiera\",\"publisher\":{\"@id\":\"https:\\\/\\\/financialplanning.adrirodrigom3.es\\\/#organization\"},\"potentialAction\":[{\"@type\":\"SearchAction\",\"target\":{\"@type\":\"EntryPoint\",\"urlTemplate\":\"https:\\\/\\\/financialplanning.adrirodrigom3.es\\\/?s={search_term_string}\"},\"query-input\":{\"@type\":\"PropertyValueSpecification\",\"valueRequired\":true,\"valueName\":\"search_term_string\"}}],\"inLanguage\":\"en-US\"},{\"@type\":\"Organization\",\"@id\":\"https:\\\/\\\/financialplanning.adrirodrigom3.es\\\/#organization\",\"name\":\"CS Financial Planning\",\"url\":\"https:\\\/\\\/financialplanning.adrirodrigom3.es\\\/\",\"logo\":{\"@type\":\"ImageObject\",\"inLanguage\":\"en-US\",\"@id\":\"https:\\\/\\\/financialplanning.adrirodrigom3.es\\\/#\\\/schema\\\/logo\\\/image\\\/\",\"url\":\"https:\\\/\\\/financialplanning.adrirodrigom3.es\\\/wp-content\\\/uploads\\\/2025\\\/01\\\/logo-horizontal.png\",\"contentUrl\":\"https:\\\/\\\/financialplanning.adrirodrigom3.es\\\/wp-content\\\/uploads\\\/2025\\\/01\\\/logo-horizontal.png\",\"width\":479,\"height\":156,\"caption\":\"CS Financial Planning\"},\"image\":{\"@id\":\"https:\\\/\\\/financialplanning.adrirodrigom3.es\\\/#\\\/schema\\\/logo\\\/image\\\/\"}}]}<\/script>\n<!-- \/ Yoast SEO plugin. -->","yoast_head_json":{"title":"Aviso legal - CS Financial Planning","robots":{"index":"noindex","follow":"follow"},"og_locale":"en_US","og_type":"article","og_title":"Aviso legal - CS Financial Planning","og_description":"Aviso Legal Capital Sur Planning\u00ae El presente Aviso Legal regula el acceso, navegaci\u00f3n y uso del sitio web de Capital Sur Planning\u00ae, conforme a la legislaci\u00f3n vigente en Espa\u00f1a, en especial la Ley 34\/2002, de Servicios de la Sociedad de la Informaci\u00f3n y de Comercio Electr\u00f3nico (LSSI-CE). Los datos identificativos completos del titular (raz\u00f3n social, [&hellip;]","og_url":"https:\/\/financialplanning.adrirodrigom3.es\/en\/legal\/","og_site_name":"CS Financial Planning","article_modified_time":"2025-12-17T16:31:01+00:00","twitter_card":"summary_large_image","twitter_misc":{"Est. reading time":"1 minute"},"schema":{"@context":"https:\/\/schema.org","@graph":[{"@type":"WebPage","@id":"https:\/\/financialplanning.adrirodrigom3.es\/legal\/","url":"https:\/\/financialplanning.adrirodrigom3.es\/legal\/","name":"Aviso legal - CS Financial Planning","isPartOf":{"@id":"https:\/\/financialplanning.adrirodrigom3.es\/#website"},"datePublished":"2025-01-27T07:51:21+00:00","dateModified":"2025-12-17T16:31:01+00:00","breadcrumb":{"@id":"https:\/\/financialplanning.adrirodrigom3.es\/legal\/#breadcrumb"},"inLanguage":"en-US","potentialAction":[{"@type":"ReadAction","target":["https:\/\/financialplanning.adrirodrigom3.es\/legal\/"]}]},{"@type":"BreadcrumbList","@id":"https:\/\/financialplanning.adrirodrigom3.es\/legal\/#breadcrumb","itemListElement":[{"@type":"ListItem","position":1,"name":"Portada","item":"https:\/\/financialplanning.adrirodrigom3.es\/"},{"@type":"ListItem","position":2,"name":"Aviso legal"}]},{"@type":"WebSite","@id":"https:\/\/financialplanning.adrirodrigom3.es\/#website","url":"https:\/\/financialplanning.adrirodrigom3.es\/","name":"CS Financial Planning","description":"servicios de educaci\u00f3n y planificaci\u00f3n financiera","publisher":{"@id":"https:\/\/financialplanning.adrirodrigom3.es\/#organization"},"potentialAction":[{"@type":"SearchAction","target":{"@type":"EntryPoint","urlTemplate":"https:\/\/financialplanning.adrirodrigom3.es\/?s={search_term_string}"},"query-input":{"@type":"PropertyValueSpecification","valueRequired":true,"valueName":"search_term_string"}}],"inLanguage":"en-US"},{"@type":"Organization","@id":"https:\/\/financialplanning.adrirodrigom3.es\/#organization","name":"CS Financial Planning","url":"https:\/\/financialplanning.adrirodrigom3.es\/","logo":{"@type":"ImageObject","inLanguage":"en-US","@id":"https:\/\/financialplanning.adrirodrigom3.es\/#\/schema\/logo\/image\/","url":"https:\/\/financialplanning.adrirodrigom3.es\/wp-content\/uploads\/2025\/01\/logo-horizontal.png","contentUrl":"https:\/\/financialplanning.adrirodrigom3.es\/wp-content\/uploads\/2025\/01\/logo-horizontal.png","width":479,"height":156,"caption":"CS Financial Planning"},"image":{"@id":"https:\/\/financialplanning.adrirodrigom3.es\/#\/schema\/logo\/image\/"}}]}},"_links":{"self":[{"href":"https:\/\/financialplanning.adrirodrigom3.es\/en\/wp-json\/wp\/v2\/pages\/16","targetHints":{"allow":["GET"]}}],"collection":[{"href":"https:\/\/financialplanning.adrirodrigom3.es\/en\/wp-json\/wp\/v2\/pages"}],"about":[{"href":"https:\/\/financialplanning.adrirodrigom3.es\/en\/wp-json\/wp\/v2\/types\/page"}],"author":[{"embeddable":true,"href":"https:\/\/financialplanning.adrirodrigom3.es\/en\/wp-json\/wp\/v2\/users\/2"}],"replies":[{"embeddable":true,"href":"https:\/\/financialplanning.adrirodrigom3.es\/en\/wp-json\/wp\/v2\/comments?post=16"}],"version-history":[{"count":5,"href":"https:\/\/financialplanning.adrirodrigom3.es\/en\/wp-json\/wp\/v2\/pages\/16\/revisions"}],"predecessor-version":[{"id":637,"href":"https:\/\/financialplanning.adrirodrigom3.es\/en\/wp-json\/wp\/v2\/pages\/16\/revisions\/637"}],"wp:attachment":[{"href":"https:\/\/financialplanning.adrirodrigom3.es\/en\/wp-json\/wp\/v2\/media?parent=16"}],"curies":[{"name":"wp","href":"https:\/\/api.w.org\/{rel}","templated":true}]}}