{"id":17,"date":"2025-01-27T08:51:41","date_gmt":"2025-01-27T07:51:41","guid":{"rendered":"https:\/\/financialplanning.adrirodrigom3.es\/?page_id=17"},"modified":"2025-12-17T17:33:10","modified_gmt":"2025-12-17T16:33:10","slug":"privacidad","status":"publish","type":"page","link":"https:\/\/financialplanning.adrirodrigom3.es\/en\/privacidad\/","title":{"rendered":"Privacy Policy"},"content":{"rendered":"<div data-elementor-type=\"wp-page\" data-elementor-id=\"17\" class=\"elementor elementor-17\" data-elementor-post-type=\"page\">\n\t\t\t\t<div class=\"elementor-element elementor-element-5bde786 e-flex e-con-boxed e-con e-parent\" data-id=\"5bde786\" data-element_type=\"container\" data-e-type=\"container\">\n\t\t\t\t\t<div class=\"e-con-inner\">\n\t\t<div class=\"elementor-element elementor-element-028e423 e-con-full e-flex e-con e-child\" data-id=\"028e423\" data-element_type=\"container\" data-e-type=\"container\">\n\t\t\t\t<div class=\"elementor-element elementor-element-2b95264 elementor-widget elementor-widget-heading\" data-id=\"2b95264\" data-element_type=\"widget\" data-e-type=\"widget\" data-widget_type=\"heading.default\">\n\t\t\t\t<div class=\"elementor-widget-container\">\n\t\t\t\t\t<h2 class=\"elementor-heading-title elementor-size-default\">Privacy Policy<\/h2>\t\t\t\t<\/div>\n\t\t\t\t<\/div>\n\t\t\t\t<div class=\"elementor-element elementor-element-6d8a708 elementor-widget elementor-widget-text-editor\" data-id=\"6d8a708\" data-element_type=\"widget\" data-e-type=\"widget\" data-widget_type=\"text-editor.default\">\n\t\t\t\t<div class=\"elementor-widget-container\">\n\t\t\t\t\t\t\t\t\t<p>En <strong>Capital Sur Planning\u00ae<\/strong> tratamos los datos personales con el m\u00e1ximo rigor, responsabilidad y transparencia, cumpliendo estrictamente con lo dispuesto en el <strong>Reglamento (UE) 2016\/679 (RGPD)<\/strong> y la <strong>Ley Org\u00e1nica 3\/2018 de Protecci\u00f3n de Datos Personales y garant\u00eda de los derechos digitales (LOPDGDD)<\/strong>.<\/p><p>Los datos personales recabados a trav\u00e9s del sitio web ser\u00e1n tratados de manera confidencial y utilizados exclusivamente para la correcta prestaci\u00f3n de nuestros servicios, la gesti\u00f3n de consultas o solicitudes, el mantenimiento de la relaci\u00f3n comercial y el cumplimiento de obligaciones legales.<\/p><p>Capital Sur Planning\u00ae aplica las medidas t\u00e9cnicas y organizativas necesarias para garantizar la seguridad, integridad y confidencialidad de los datos, evitando su alteraci\u00f3n, p\u00e9rdida, tratamiento o acceso no autorizado.<\/p><p>Los usuarios podr\u00e1n ejercer en cualquier momento sus derechos de acceso, rectificaci\u00f3n, supresi\u00f3n, limitaci\u00f3n, portabilidad y oposici\u00f3n mediante los canales habilitados por la empresa, conforme a la normativa vigente.<\/p>\t\t\t\t\t\t\t\t<\/div>\n\t\t\t\t<\/div>\n\t\t\t\t<\/div>\n\t\t\t\t\t<\/div>\n\t\t\t\t<\/div>\n\t\t\t\t<\/div>","protected":false},"excerpt":{"rendered":"<p>Pol\u00edtica de Privacidad En Capital Sur Planning\u00ae tratamos los datos personales con el m\u00e1ximo rigor, responsabilidad y transparencia, cumpliendo estrictamente con lo dispuesto en el Reglamento (UE) 2016\/679 (RGPD) y la Ley Org\u00e1nica 3\/2018 de Protecci\u00f3n de Datos Personales y garant\u00eda de los derechos digitales (LOPDGDD). Los datos personales recabados a trav\u00e9s del sitio web [&hellip;]<\/p>\n","protected":false},"author":2,"featured_media":0,"parent":0,"menu_order":0,"comment_status":"closed","ping_status":"closed","template":"elementor_header_footer","meta":{"_joinchat":[],"footnotes":""},"class_list":["post-17","page","type-page","status-publish","hentry"],"yoast_head":"<!-- This site is optimized with the Yoast SEO plugin v27.4 - https:\/\/yoast.com\/product\/yoast-seo-wordpress\/ -->\n<title>Pol\u00edtica de privacidad - CS Financial Planning<\/title>\n<meta name=\"robots\" content=\"noindex, follow\" \/>\n<meta property=\"og:locale\" content=\"en_US\" \/>\n<meta property=\"og:type\" content=\"article\" \/>\n<meta property=\"og:title\" content=\"Pol\u00edtica de privacidad - CS Financial Planning\" \/>\n<meta property=\"og:description\" content=\"Pol\u00edtica de Privacidad En Capital Sur Planning\u00ae tratamos los datos personales con el m\u00e1ximo rigor, responsabilidad y transparencia, cumpliendo estrictamente con lo dispuesto en el Reglamento (UE) 2016\/679 (RGPD) y la Ley Org\u00e1nica 3\/2018 de Protecci\u00f3n de Datos Personales y garant\u00eda de los derechos digitales (LOPDGDD). Los datos personales recabados a trav\u00e9s del sitio web [&hellip;]\" \/>\n<meta property=\"og:url\" content=\"https:\/\/financialplanning.adrirodrigom3.es\/en\/privacidad\/\" \/>\n<meta property=\"og:site_name\" content=\"CS Financial Planning\" \/>\n<meta property=\"article:modified_time\" content=\"2025-12-17T16:33:10+00:00\" \/>\n<meta name=\"twitter:card\" content=\"summary_large_image\" \/>\n<meta name=\"twitter:label1\" content=\"Est. reading time\" \/>\n\t<meta name=\"twitter:data1\" content=\"1 minute\" \/>\n<script type=\"application\/ld+json\" class=\"yoast-schema-graph\">{\"@context\":\"https:\\\/\\\/schema.org\",\"@graph\":[{\"@type\":\"WebPage\",\"@id\":\"https:\\\/\\\/financialplanning.adrirodrigom3.es\\\/privacidad\\\/\",\"url\":\"https:\\\/\\\/financialplanning.adrirodrigom3.es\\\/privacidad\\\/\",\"name\":\"Pol\u00edtica de privacidad - CS Financial Planning\",\"isPartOf\":{\"@id\":\"https:\\\/\\\/financialplanning.adrirodrigom3.es\\\/#website\"},\"datePublished\":\"2025-01-27T07:51:41+00:00\",\"dateModified\":\"2025-12-17T16:33:10+00:00\",\"breadcrumb\":{\"@id\":\"https:\\\/\\\/financialplanning.adrirodrigom3.es\\\/privacidad\\\/#breadcrumb\"},\"inLanguage\":\"en-US\",\"potentialAction\":[{\"@type\":\"ReadAction\",\"target\":[\"https:\\\/\\\/financialplanning.adrirodrigom3.es\\\/privacidad\\\/\"]}]},{\"@type\":\"BreadcrumbList\",\"@id\":\"https:\\\/\\\/financialplanning.adrirodrigom3.es\\\/privacidad\\\/#breadcrumb\",\"itemListElement\":[{\"@type\":\"ListItem\",\"position\":1,\"name\":\"Portada\",\"item\":\"https:\\\/\\\/financialplanning.adrirodrigom3.es\\\/\"},{\"@type\":\"ListItem\",\"position\":2,\"name\":\"Pol\u00edtica de privacidad\"}]},{\"@type\":\"WebSite\",\"@id\":\"https:\\\/\\\/financialplanning.adrirodrigom3.es\\\/#website\",\"url\":\"https:\\\/\\\/financialplanning.adrirodrigom3.es\\\/\",\"name\":\"CS Financial Planning\",\"description\":\"servicios de educaci\u00f3n y planificaci\u00f3n financiera\",\"publisher\":{\"@id\":\"https:\\\/\\\/financialplanning.adrirodrigom3.es\\\/#organization\"},\"potentialAction\":[{\"@type\":\"SearchAction\",\"target\":{\"@type\":\"EntryPoint\",\"urlTemplate\":\"https:\\\/\\\/financialplanning.adrirodrigom3.es\\\/?s={search_term_string}\"},\"query-input\":{\"@type\":\"PropertyValueSpecification\",\"valueRequired\":true,\"valueName\":\"search_term_string\"}}],\"inLanguage\":\"en-US\"},{\"@type\":\"Organization\",\"@id\":\"https:\\\/\\\/financialplanning.adrirodrigom3.es\\\/#organization\",\"name\":\"CS Financial Planning\",\"url\":\"https:\\\/\\\/financialplanning.adrirodrigom3.es\\\/\",\"logo\":{\"@type\":\"ImageObject\",\"inLanguage\":\"en-US\",\"@id\":\"https:\\\/\\\/financialplanning.adrirodrigom3.es\\\/#\\\/schema\\\/logo\\\/image\\\/\",\"url\":\"https:\\\/\\\/financialplanning.adrirodrigom3.es\\\/wp-content\\\/uploads\\\/2025\\\/01\\\/logo-horizontal.png\",\"contentUrl\":\"https:\\\/\\\/financialplanning.adrirodrigom3.es\\\/wp-content\\\/uploads\\\/2025\\\/01\\\/logo-horizontal.png\",\"width\":479,\"height\":156,\"caption\":\"CS Financial Planning\"},\"image\":{\"@id\":\"https:\\\/\\\/financialplanning.adrirodrigom3.es\\\/#\\\/schema\\\/logo\\\/image\\\/\"}}]}<\/script>\n<!-- \/ Yoast SEO plugin. -->","yoast_head_json":{"title":"Pol\u00edtica de privacidad - CS Financial Planning","robots":{"index":"noindex","follow":"follow"},"og_locale":"en_US","og_type":"article","og_title":"Pol\u00edtica de privacidad - CS Financial Planning","og_description":"Pol\u00edtica de Privacidad En Capital Sur Planning\u00ae tratamos los datos personales con el m\u00e1ximo rigor, responsabilidad y transparencia, cumpliendo estrictamente con lo dispuesto en el Reglamento (UE) 2016\/679 (RGPD) y la Ley Org\u00e1nica 3\/2018 de Protecci\u00f3n de Datos Personales y garant\u00eda de los derechos digitales (LOPDGDD). Los datos personales recabados a trav\u00e9s del sitio web [&hellip;]","og_url":"https:\/\/financialplanning.adrirodrigom3.es\/en\/privacidad\/","og_site_name":"CS Financial Planning","article_modified_time":"2025-12-17T16:33:10+00:00","twitter_card":"summary_large_image","twitter_misc":{"Est. reading time":"1 minute"},"schema":{"@context":"https:\/\/schema.org","@graph":[{"@type":"WebPage","@id":"https:\/\/financialplanning.adrirodrigom3.es\/privacidad\/","url":"https:\/\/financialplanning.adrirodrigom3.es\/privacidad\/","name":"Pol\u00edtica de privacidad - CS Financial Planning","isPartOf":{"@id":"https:\/\/financialplanning.adrirodrigom3.es\/#website"},"datePublished":"2025-01-27T07:51:41+00:00","dateModified":"2025-12-17T16:33:10+00:00","breadcrumb":{"@id":"https:\/\/financialplanning.adrirodrigom3.es\/privacidad\/#breadcrumb"},"inLanguage":"en-US","potentialAction":[{"@type":"ReadAction","target":["https:\/\/financialplanning.adrirodrigom3.es\/privacidad\/"]}]},{"@type":"BreadcrumbList","@id":"https:\/\/financialplanning.adrirodrigom3.es\/privacidad\/#breadcrumb","itemListElement":[{"@type":"ListItem","position":1,"name":"Portada","item":"https:\/\/financialplanning.adrirodrigom3.es\/"},{"@type":"ListItem","position":2,"name":"Pol\u00edtica de privacidad"}]},{"@type":"WebSite","@id":"https:\/\/financialplanning.adrirodrigom3.es\/#website","url":"https:\/\/financialplanning.adrirodrigom3.es\/","name":"CS Financial Planning","description":"servicios de educaci\u00f3n y planificaci\u00f3n financiera","publisher":{"@id":"https:\/\/financialplanning.adrirodrigom3.es\/#organization"},"potentialAction":[{"@type":"SearchAction","target":{"@type":"EntryPoint","urlTemplate":"https:\/\/financialplanning.adrirodrigom3.es\/?s={search_term_string}"},"query-input":{"@type":"PropertyValueSpecification","valueRequired":true,"valueName":"search_term_string"}}],"inLanguage":"en-US"},{"@type":"Organization","@id":"https:\/\/financialplanning.adrirodrigom3.es\/#organization","name":"CS Financial Planning","url":"https:\/\/financialplanning.adrirodrigom3.es\/","logo":{"@type":"ImageObject","inLanguage":"en-US","@id":"https:\/\/financialplanning.adrirodrigom3.es\/#\/schema\/logo\/image\/","url":"https:\/\/financialplanning.adrirodrigom3.es\/wp-content\/uploads\/2025\/01\/logo-horizontal.png","contentUrl":"https:\/\/financialplanning.adrirodrigom3.es\/wp-content\/uploads\/2025\/01\/logo-horizontal.png","width":479,"height":156,"caption":"CS Financial Planning"},"image":{"@id":"https:\/\/financialplanning.adrirodrigom3.es\/#\/schema\/logo\/image\/"}}]}},"_links":{"self":[{"href":"https:\/\/financialplanning.adrirodrigom3.es\/en\/wp-json\/wp\/v2\/pages\/17","targetHints":{"allow":["GET"]}}],"collection":[{"href":"https:\/\/financialplanning.adrirodrigom3.es\/en\/wp-json\/wp\/v2\/pages"}],"about":[{"href":"https:\/\/financialplanning.adrirodrigom3.es\/en\/wp-json\/wp\/v2\/types\/page"}],"author":[{"embeddable":true,"href":"https:\/\/financialplanning.adrirodrigom3.es\/en\/wp-json\/wp\/v2\/users\/2"}],"replies":[{"embeddable":true,"href":"https:\/\/financialplanning.adrirodrigom3.es\/en\/wp-json\/wp\/v2\/comments?post=17"}],"version-history":[{"count":5,"href":"https:\/\/financialplanning.adrirodrigom3.es\/en\/wp-json\/wp\/v2\/pages\/17\/revisions"}],"predecessor-version":[{"id":640,"href":"https:\/\/financialplanning.adrirodrigom3.es\/en\/wp-json\/wp\/v2\/pages\/17\/revisions\/640"}],"wp:attachment":[{"href":"https:\/\/financialplanning.adrirodrigom3.es\/en\/wp-json\/wp\/v2\/media?parent=17"}],"curies":[{"name":"wp","href":"https:\/\/api.w.org\/{rel}","templated":true}]}}