{"id":480,"date":"2025-09-04T14:19:36","date_gmt":"2025-09-04T12:19:36","guid":{"rendered":"https:\/\/financialplanning.adrirodrigom3.es\/?page_id=480"},"modified":"2025-12-31T18:31:02","modified_gmt":"2025-12-31T17:31:02","slug":"contacto","status":"publish","type":"page","link":"https:\/\/financialplanning.adrirodrigom3.es\/en\/contacto\/","title":{"rendered":"Contact"},"content":{"rendered":"\t\t<div data-elementor-type=\"wp-page\" data-elementor-id=\"480\" class=\"elementor elementor-480\" data-elementor-post-type=\"page\">\n\t\t\t\t<div class=\"elementor-element elementor-element-e403894 e-con-full e-flex e-con e-parent\" data-id=\"e403894\" data-element_type=\"container\" data-e-type=\"container\" data-settings=\"{&quot;background_background&quot;:&quot;classic&quot;}\">\n\t\t\t\t<\/div>\n\t\t<div class=\"elementor-element elementor-element-f21b98f e-flex e-con-boxed e-con e-parent\" data-id=\"f21b98f\" data-element_type=\"container\" data-e-type=\"container\">\n\t\t\t\t\t<div class=\"e-con-inner\">\n\t\t<div class=\"elementor-element elementor-element-79f7864 e-con-full e-flex e-con e-child\" data-id=\"79f7864\" data-element_type=\"container\" data-e-type=\"container\">\n\t\t\t\t<div class=\"elementor-element elementor-element-0725e17 elementor-widget elementor-widget-heading\" data-id=\"0725e17\" data-element_type=\"widget\" data-e-type=\"widget\" data-widget_type=\"heading.default\">\n\t\t\t\t<div class=\"elementor-widget-container\">\n\t\t\t\t\t<h2 class=\"elementor-heading-title elementor-size-default\">INFORMACI\u00d3N DE CONTACTO<\/h2>\t\t\t\t<\/div>\n\t\t\t\t<\/div>\n\t\t\t\t<div class=\"elementor-element elementor-element-f73790d elementor-icon-list--layout-traditional elementor-list-item-link-full_width elementor-widget elementor-widget-icon-list\" data-id=\"f73790d\" data-element_type=\"widget\" data-e-type=\"widget\" data-widget_type=\"icon-list.default\">\n\t\t\t\t<div class=\"elementor-widget-container\">\n\t\t\t\t\t\t\t<ul class=\"elementor-icon-list-items\">\n\t\t\t\t\t\t\t<li class=\"elementor-icon-list-item\">\n\t\t\t\t\t\t\t\t\t\t\t<span class=\"elementor-icon-list-icon\">\n\t\t\t\t\t\t\t<svg aria-hidden=\"true\" class=\"e-font-icon-svg e-fas-envelope\" viewBox=\"0 0 512 512\" xmlns=\"http:\/\/www.w3.org\/2000\/svg\"><path d=\"M502.3 190.8c3.9-3.1 9.7-.2 9.7 4.7V400c0 26.5-21.5 48-48 48H48c-26.5 0-48-21.5-48-48V195.6c0-5 5.7-7.8 9.7-4.7 22.4 17.4 52.1 39.5 154.1 113.6 21.1 15.4 56.7 47.8 92.2 47.6 35.7.3 72-32.8 92.3-47.6 102-74.1 131.6-96.3 154-113.7zM256 320c23.2.4 56.6-29.2 73.4-41.4 132.7-96.3 142.8-104.7 173.4-128.7 5.8-4.5 9.2-11.5 9.2-18.9v-19c0-26.5-21.5-48-48-48H48C21.5 64 0 85.5 0 112v19c0 7.4 3.4 14.3 9.2 18.9 30.6 23.9 40.7 32.4 173.4 128.7 16.8 12.2 50.2 41.8 73.4 41.4z\"><\/path><\/svg>\t\t\t\t\t\t<\/span>\n\t\t\t\t\t\t\t\t\t\t<span class=\"elementor-icon-list-text\">Avda. Ricardo Soriano 12. Edficio Marques de Salamanca. Piso 2.0 Oficina 2. Marbella 29670<\/span>\n\t\t\t\t\t\t\t\t\t<\/li>\n\t\t\t\t\t\t\t\t<li class=\"elementor-icon-list-item\">\n\t\t\t\t\t\t\t\t\t\t\t<span class=\"elementor-icon-list-icon\">\n\t\t\t\t\t\t\t<svg aria-hidden=\"true\" class=\"e-font-icon-svg e-fas-phone-alt\" viewBox=\"0 0 512 512\" xmlns=\"http:\/\/www.w3.org\/2000\/svg\"><path d=\"M497.39 361.8l-112-48a24 24 0 0 0-28 6.9l-49.6 60.6A370.66 370.66 0 0 1 130.6 204.11l60.6-49.6a23.94 23.94 0 0 0 6.9-28l-48-112A24.16 24.16 0 0 0 122.6.61l-104 24A24 24 0 0 0 0 48c0 256.5 207.9 464 464 464a24 24 0 0 0 23.4-18.6l24-104a24.29 24.29 0 0 0-14.01-27.6z\"><\/path><\/svg>\t\t\t\t\t\t<\/span>\n\t\t\t\t\t\t\t\t\t\t<span class=\"elementor-icon-list-text\">627507902<\/span>\n\t\t\t\t\t\t\t\t\t<\/li>\n\t\t\t\t\t\t\t\t<li class=\"elementor-icon-list-item\">\n\t\t\t\t\t\t\t\t\t\t\t<span class=\"elementor-icon-list-icon\">\n\t\t\t\t\t\t\t<svg aria-hidden=\"true\" class=\"e-font-icon-svg e-fas-map-marker-alt\" viewBox=\"0 0 384 512\" xmlns=\"http:\/\/www.w3.org\/2000\/svg\"><path d=\"M172.268 501.67C26.97 291.031 0 269.413 0 192 0 85.961 85.961 0 192 0s192 85.961 192 192c0 77.413-26.97 99.031-172.268 309.67-9.535 13.774-29.93 13.773-39.464 0zM192 272c44.183 0 80-35.817 80-80s-35.817-80-80-80-80 35.817-80 80 35.817 80 80 80z\"><\/path><\/svg>\t\t\t\t\t\t<\/span>\n\t\t\t\t\t\t\t\t\t\t<span class=\"elementor-icon-list-text\">info@capitalsurplanning.com<\/span>\n\t\t\t\t\t\t\t\t\t<\/li>\n\t\t\t\t\t\t<\/ul>\n\t\t\t\t\t\t<\/div>\n\t\t\t\t<\/div>\n\t\t\t\t<div class=\"elementor-element elementor-element-1aff054 elementor-widget elementor-widget-image\" data-id=\"1aff054\" data-element_type=\"widget\" data-e-type=\"widget\" data-widget_type=\"image.default\">\n\t\t\t\t<div class=\"elementor-widget-container\">\n\t\t\t\t\t\t\t\t\t\t\t\t\t\t\t<img fetchpriority=\"high\" decoding=\"async\" width=\"683\" height=\"1024\" src=\"https:\/\/financialplanning.adrirodrigom3.es\/wp-content\/uploads\/2025\/12\/MIGUEL-ANGEL-1-683x1024.jpg\" class=\"attachment-large size-large wp-image-865\" alt=\"\" srcset=\"https:\/\/financialplanning.adrirodrigom3.es\/wp-content\/uploads\/2025\/12\/MIGUEL-ANGEL-1-683x1024.jpg 683w, https:\/\/financialplanning.adrirodrigom3.es\/wp-content\/uploads\/2025\/12\/MIGUEL-ANGEL-1-200x300.jpg 200w, https:\/\/financialplanning.adrirodrigom3.es\/wp-content\/uploads\/2025\/12\/MIGUEL-ANGEL-1-768x1152.jpg 768w, https:\/\/financialplanning.adrirodrigom3.es\/wp-content\/uploads\/2025\/12\/MIGUEL-ANGEL-1-1024x1536.jpg 1024w, https:\/\/financialplanning.adrirodrigom3.es\/wp-content\/uploads\/2025\/12\/MIGUEL-ANGEL-1-1365x2048.jpg 1365w, https:\/\/financialplanning.adrirodrigom3.es\/wp-content\/uploads\/2025\/12\/MIGUEL-ANGEL-1-scaled.jpg 1706w\" sizes=\"(max-width: 683px) 100vw, 683px\" \/>\t\t\t\t\t\t\t\t\t\t\t\t\t\t\t<\/div>\n\t\t\t\t<\/div>\n\t\t\t\t<\/div>\n\t\t<div class=\"elementor-element elementor-element-1f3e3ff e-con-full e-flex e-con e-child\" data-id=\"1f3e3ff\" data-element_type=\"container\" data-e-type=\"container\">\n\t\t<div class=\"elementor-element elementor-element-9f70e93 e-con-full e-flex e-con e-child\" data-id=\"9f70e93\" data-element_type=\"container\" data-e-type=\"container\" data-settings=\"{&quot;background_background&quot;:&quot;classic&quot;}\">\n\t\t\t\t<div class=\"elementor-element elementor-element-060e3be elementor-widget elementor-widget-heading\" data-id=\"060e3be\" data-element_type=\"widget\" data-e-type=\"widget\" data-widget_type=\"heading.default\">\n\t\t\t\t<div class=\"elementor-widget-container\">\n\t\t\t\t\t<h3 class=\"elementor-heading-title elementor-size-default\">\u00bfNecesitas Ponerte En Contacto Con Nosotros?\n<\/h3>\t\t\t\t<\/div>\n\t\t\t\t<\/div>\n\t\t\t\t<div class=\"elementor-element elementor-element-2f675d6 elementor-widget elementor-widget-heading\" data-id=\"2f675d6\" data-element_type=\"widget\" data-e-type=\"widget\" data-widget_type=\"heading.default\">\n\t\t\t\t<div class=\"elementor-widget-container\">\n\t\t\t\t\t<h2 class=\"elementor-heading-title elementor-size-default\">Reserva una cita\n<\/h2>\t\t\t\t<\/div>\n\t\t\t\t<\/div>\n\t\t\t\t<div class=\"elementor-element elementor-element-aa5db50 elementor-button-align-start elementor-widget elementor-widget-form\" data-id=\"aa5db50\" data-element_type=\"widget\" data-e-type=\"widget\" data-settings=\"{&quot;step_next_label&quot;:&quot;Siguiente&quot;,&quot;step_previous_label&quot;:&quot;Anterior&quot;,&quot;button_width&quot;:&quot;100&quot;,&quot;step_type&quot;:&quot;number_text&quot;,&quot;step_icon_shape&quot;:&quot;circle&quot;}\" data-widget_type=\"form.default\">\n\t\t\t\t<div class=\"elementor-widget-container\">\n\t\t\t\t\t\t\t<form class=\"elementor-form\" method=\"post\" name=\"Nuevo formulario\" aria-label=\"Nuevo formulario\">\n\t\t\t<input type=\"hidden\" name=\"post_id\" value=\"480\"\/>\n\t\t\t<input type=\"hidden\" name=\"form_id\" value=\"aa5db50\"\/>\n\t\t\t<input type=\"hidden\" name=\"referer_title\" value=\"Contacto - CS Financial Planning\" \/>\n\n\t\t\t\t\t\t\t<input type=\"hidden\" name=\"queried_id\" value=\"480\"\/>\n\t\t\t\n\t\t\t<div class=\"elementor-form-fields-wrapper elementor-labels-above\">\n\t\t\t\t\t\t\t\t<div class=\"elementor-field-type-text elementor-field-group elementor-column elementor-field-group-name elementor-col-100\">\n\t\t\t\t\t\t\t\t\t\t\t\t<label for=\"form-field-name\" class=\"elementor-field-label\">\n\t\t\t\t\t\t\t\tNombre\t\t\t\t\t\t\t<\/label>\n\t\t\t\t\t\t\t\t\t\t\t\t\t\t<input size=\"1\" type=\"text\" name=\"form_fields[name]\" id=\"form-field-name\" class=\"elementor-field elementor-size-sm  elementor-field-textual\" placeholder=\"Nombre\">\n\t\t\t\t\t\t\t\t\t\t\t<\/div>\n\t\t\t\t\t\t\t\t<div class=\"elementor-field-type-email elementor-field-group elementor-column elementor-field-group-email elementor-col-100 elementor-field-required\">\n\t\t\t\t\t\t\t\t\t\t\t\t<label for=\"form-field-email\" class=\"elementor-field-label\">\n\t\t\t\t\t\t\t\tCorreo electr\u00f3nico\t\t\t\t\t\t\t<\/label>\n\t\t\t\t\t\t\t\t\t\t\t\t\t\t<input size=\"1\" type=\"email\" name=\"form_fields[email]\" id=\"form-field-email\" class=\"elementor-field elementor-size-sm  elementor-field-textual\" placeholder=\"Correo electr\u00f3nico\" required=\"required\">\n\t\t\t\t\t\t\t\t\t\t\t<\/div>\n\t\t\t\t\t\t\t\t<div class=\"elementor-field-type-textarea elementor-field-group elementor-column elementor-field-group-message elementor-col-100\">\n\t\t\t\t\t\t\t\t\t\t\t\t<label for=\"form-field-message\" class=\"elementor-field-label\">\n\t\t\t\t\t\t\t\tMensaje\t\t\t\t\t\t\t<\/label>\n\t\t\t\t\t\t<textarea class=\"elementor-field-textual elementor-field  elementor-size-sm\" name=\"form_fields[message]\" id=\"form-field-message\" rows=\"4\" placeholder=\"Mensaje\"><\/textarea>\t\t\t\t<\/div>\n\t\t\t\t\t\t\t\t<div class=\"elementor-field-type-acceptance elementor-field-group elementor-column elementor-field-group-field_86287da elementor-col-100 elementor-field-required\">\n\t\t\t\t\t\t\t\t\t\t\t\t<label for=\"form-field-field_86287da\" class=\"elementor-field-label\">\n\t\t\t\t\t\t\t\tAcuerdo RGPD\t\t\t\t\t\t\t<\/label>\n\t\t\t\t\t\t\t\t<div class=\"elementor-field-subgroup\">\n\t\t\t<span class=\"elementor-field-option\">\n\t\t\t\t<input type=\"checkbox\" name=\"form_fields[field_86287da]\" id=\"form-field-field_86287da\" class=\"elementor-field elementor-size-sm  elementor-acceptance-field\" required=\"required\">\n\t\t\t\t<label for=\"form-field-field_86287da\">Doy mi consentimiento para que esta web almacene la informaci\u00f3n que env\u00edo para que puedan responder a mi petici\u00f3n. He le\u00eddo y acepto la <a href=\"https:\/\/financialplanning.adrirodrigom3.es\/privacidad\/\" target=\"_blank\">Pol\u00edtica de Privacidad<\/a><\/label>\t\t\t<\/span>\n\t\t<\/div>\n\t\t\t\t\t\t<\/div>\n\t\t\t\t\t\t\t\t<div class=\"elementor-field-type-html elementor-field-group elementor-column elementor-field-group-field_32406d0 elementor-col-100\">\n\t\t\t\t\t<span class=\"texto-legal\">Le informamos que, los datos de car\u00e1cter personal que nos proporciones rellenando el presente formulario ser\u00e1n tratados por CS Financial Planning como responsable de este fichero. Finalidad de la recogida y tratamiento de los datos personales: gestionar la solicitud que realiza en este formulario de contacto y enviarle la informaci\u00f3n correspondiente relacionada con el mismo. Puede consultar la informaci\u00f3n detallada aqu\u00ed arriba pulsando en Pol\u00edtica de Privacidad.<\/span>\t\t\t\t<\/div>\n\t\t\t\t\t\t\t\t<div class=\"elementor-field-type-recaptcha elementor-field-group elementor-column elementor-field-group-field_816912b elementor-col-100\">\n\t\t\t\t\t<div class=\"elementor-field\" id=\"form-field-field_816912b\"><div class=\"elementor-g-recaptcha\" data-sitekey=\"6Lc4yDAsAAAAAA7N6qEv50Lus4C6HiuJqON-GYz5\" data-type=\"v2_checkbox\" data-theme=\"light\" data-size=\"normal\"><\/div><\/div>\t\t\t\t<\/div>\n\t\t\t\t\t\t\t\t<div class=\"elementor-field-group elementor-column elementor-field-type-submit elementor-col-100 e-form__buttons\">\n\t\t\t\t\t<button class=\"elementor-button elementor-size-sm\" type=\"submit\">\n\t\t\t\t\t\t<span class=\"elementor-button-content-wrapper\">\n\t\t\t\t\t\t\t\t\t\t\t\t\t\t\t\t\t\t\t\t\t\t<span class=\"elementor-button-text\">Enviar<\/span>\n\t\t\t\t\t\t\t\t\t\t\t\t\t<\/span>\n\t\t\t\t\t<\/button>\n\t\t\t\t<\/div>\n\t\t\t<\/div>\n\t\t<\/form>\n\t\t\t\t\t\t<\/div>\n\t\t\t\t<\/div>\n\t\t\t\t<\/div>\n\t\t\t\t<\/div>\n\t\t\t\t\t<\/div>\n\t\t\t\t<\/div>\n\t\t\t\t<\/div>\n\t\t","protected":false},"excerpt":{"rendered":"<p>INFORMACI\u00d3N DE CONTACTO Avda. Ricardo Soriano 12. Edficio Marques de Salamanca. Piso 2.0 Oficina 2. Marbella 29670 627507902 info@capitalsurplanning.com \u00bfNecesitas Ponerte En Contacto Con Nosotros? Reserva una cita<\/p>","protected":false},"author":9,"featured_media":0,"parent":0,"menu_order":0,"comment_status":"closed","ping_status":"closed","template":"","meta":{"_joinchat":[],"footnotes":""},"class_list":["post-480","page","type-page","status-publish","hentry"],"yoast_head":"<!-- This site is optimized with the Yoast SEO plugin v27.4 - https:\/\/yoast.com\/product\/yoast-seo-wordpress\/ -->\n<title>Contacto - CS Financial Planning<\/title>\n<meta name=\"robots\" content=\"noindex, follow, max-snippet:-1, max-image-preview:large, max-video-preview:-1\" \/>\n<meta property=\"og:locale\" content=\"en_US\" \/>\n<meta property=\"og:type\" content=\"article\" \/>\n<meta property=\"og:title\" content=\"Contacto - CS Financial Planning\" \/>\n<meta property=\"og:description\" content=\"INFORMACI\u00d3N DE CONTACTO Avda. Ricardo Soriano 12. Edficio Marques de Salamanca. Piso 2.0 Oficina 2. Marbella 29670 627507902 info@capitalsurplanning.com \u00bfNecesitas Ponerte En Contacto Con Nosotros? Reserva una cita\" \/>\n<meta property=\"og:url\" content=\"https:\/\/financialplanning.adrirodrigom3.es\/en\/contacto\/\" \/>\n<meta property=\"og:site_name\" content=\"CS Financial Planning\" \/>\n<meta property=\"article:modified_time\" content=\"2025-12-31T17:31:02+00:00\" \/>\n<meta property=\"og:image\" content=\"https:\/\/financialplanning.adrirodrigom3.es\/wp-content\/uploads\/2025\/12\/MIGUEL-ANGEL-1-scaled.jpg\" \/>\n\t<meta property=\"og:image:width\" content=\"1706\" \/>\n\t<meta property=\"og:image:height\" content=\"2560\" \/>\n\t<meta property=\"og:image:type\" content=\"image\/jpeg\" \/>\n<meta name=\"twitter:card\" content=\"summary_large_image\" \/>\n<meta name=\"twitter:label1\" content=\"Est. reading time\" \/>\n\t<meta name=\"twitter:data1\" content=\"1 minute\" \/>\n<script type=\"application\/ld+json\" class=\"yoast-schema-graph\">{\"@context\":\"https:\\\/\\\/schema.org\",\"@graph\":[{\"@type\":\"WebPage\",\"@id\":\"https:\\\/\\\/financialplanning.adrirodrigom3.es\\\/contacto\\\/\",\"url\":\"https:\\\/\\\/financialplanning.adrirodrigom3.es\\\/contacto\\\/\",\"name\":\"Contacto - CS Financial Planning\",\"isPartOf\":{\"@id\":\"https:\\\/\\\/financialplanning.adrirodrigom3.es\\\/#website\"},\"primaryImageOfPage\":{\"@id\":\"https:\\\/\\\/financialplanning.adrirodrigom3.es\\\/contacto\\\/#primaryimage\"},\"image\":{\"@id\":\"https:\\\/\\\/financialplanning.adrirodrigom3.es\\\/contacto\\\/#primaryimage\"},\"thumbnailUrl\":\"https:\\\/\\\/financialplanning.adrirodrigom3.es\\\/wp-content\\\/uploads\\\/2025\\\/12\\\/MIGUEL-ANGEL-1-683x1024.jpg\",\"datePublished\":\"2025-09-04T12:19:36+00:00\",\"dateModified\":\"2025-12-31T17:31:02+00:00\",\"breadcrumb\":{\"@id\":\"https:\\\/\\\/financialplanning.adrirodrigom3.es\\\/contacto\\\/#breadcrumb\"},\"inLanguage\":\"en-US\",\"potentialAction\":[{\"@type\":\"ReadAction\",\"target\":[\"https:\\\/\\\/financialplanning.adrirodrigom3.es\\\/contacto\\\/\"]}]},{\"@type\":\"ImageObject\",\"inLanguage\":\"en-US\",\"@id\":\"https:\\\/\\\/financialplanning.adrirodrigom3.es\\\/contacto\\\/#primaryimage\",\"url\":\"https:\\\/\\\/financialplanning.adrirodrigom3.es\\\/wp-content\\\/uploads\\\/2025\\\/12\\\/MIGUEL-ANGEL-1-683x1024.jpg\",\"contentUrl\":\"https:\\\/\\\/financialplanning.adrirodrigom3.es\\\/wp-content\\\/uploads\\\/2025\\\/12\\\/MIGUEL-ANGEL-1-683x1024.jpg\"},{\"@type\":\"BreadcrumbList\",\"@id\":\"https:\\\/\\\/financialplanning.adrirodrigom3.es\\\/contacto\\\/#breadcrumb\",\"itemListElement\":[{\"@type\":\"ListItem\",\"position\":1,\"name\":\"Portada\",\"item\":\"https:\\\/\\\/financialplanning.adrirodrigom3.es\\\/\"},{\"@type\":\"ListItem\",\"position\":2,\"name\":\"Contacto\"}]},{\"@type\":\"WebSite\",\"@id\":\"https:\\\/\\\/financialplanning.adrirodrigom3.es\\\/#website\",\"url\":\"https:\\\/\\\/financialplanning.adrirodrigom3.es\\\/\",\"name\":\"CS Financial Planning\",\"description\":\"servicios de educaci\u00f3n y planificaci\u00f3n financiera\",\"publisher\":{\"@id\":\"https:\\\/\\\/financialplanning.adrirodrigom3.es\\\/#organization\"},\"potentialAction\":[{\"@type\":\"SearchAction\",\"target\":{\"@type\":\"EntryPoint\",\"urlTemplate\":\"https:\\\/\\\/financialplanning.adrirodrigom3.es\\\/?s={search_term_string}\"},\"query-input\":{\"@type\":\"PropertyValueSpecification\",\"valueRequired\":true,\"valueName\":\"search_term_string\"}}],\"inLanguage\":\"en-US\"},{\"@type\":\"Organization\",\"@id\":\"https:\\\/\\\/financialplanning.adrirodrigom3.es\\\/#organization\",\"name\":\"CS Financial Planning\",\"url\":\"https:\\\/\\\/financialplanning.adrirodrigom3.es\\\/\",\"logo\":{\"@type\":\"ImageObject\",\"inLanguage\":\"en-US\",\"@id\":\"https:\\\/\\\/financialplanning.adrirodrigom3.es\\\/#\\\/schema\\\/logo\\\/image\\\/\",\"url\":\"https:\\\/\\\/financialplanning.adrirodrigom3.es\\\/wp-content\\\/uploads\\\/2025\\\/01\\\/logo-horizontal.png\",\"contentUrl\":\"https:\\\/\\\/financialplanning.adrirodrigom3.es\\\/wp-content\\\/uploads\\\/2025\\\/01\\\/logo-horizontal.png\",\"width\":479,\"height\":156,\"caption\":\"CS Financial Planning\"},\"image\":{\"@id\":\"https:\\\/\\\/financialplanning.adrirodrigom3.es\\\/#\\\/schema\\\/logo\\\/image\\\/\"}}]}<\/script>\n<!-- \/ Yoast SEO plugin. -->","yoast_head_json":{"title":"Contacto - CS Financial Planning","robots":{"index":"noindex","follow":"follow","max-snippet":"max-snippet:-1","max-image-preview":"max-image-preview:large","max-video-preview":"max-video-preview:-1"},"og_locale":"en_US","og_type":"article","og_title":"Contacto - CS Financial Planning","og_description":"INFORMACI\u00d3N DE CONTACTO Avda. Ricardo Soriano 12. Edficio Marques de Salamanca. Piso 2.0 Oficina 2. Marbella 29670 627507902 info@capitalsurplanning.com \u00bfNecesitas Ponerte En Contacto Con Nosotros? Reserva una cita","og_url":"https:\/\/financialplanning.adrirodrigom3.es\/en\/contacto\/","og_site_name":"CS Financial Planning","article_modified_time":"2025-12-31T17:31:02+00:00","og_image":[{"width":1706,"height":2560,"url":"https:\/\/financialplanning.adrirodrigom3.es\/wp-content\/uploads\/2025\/12\/MIGUEL-ANGEL-1-scaled.jpg","type":"image\/jpeg"}],"twitter_card":"summary_large_image","twitter_misc":{"Est. reading time":"1 minute"},"schema":{"@context":"https:\/\/schema.org","@graph":[{"@type":"WebPage","@id":"https:\/\/financialplanning.adrirodrigom3.es\/contacto\/","url":"https:\/\/financialplanning.adrirodrigom3.es\/contacto\/","name":"Contacto - CS Financial Planning","isPartOf":{"@id":"https:\/\/financialplanning.adrirodrigom3.es\/#website"},"primaryImageOfPage":{"@id":"https:\/\/financialplanning.adrirodrigom3.es\/contacto\/#primaryimage"},"image":{"@id":"https:\/\/financialplanning.adrirodrigom3.es\/contacto\/#primaryimage"},"thumbnailUrl":"https:\/\/financialplanning.adrirodrigom3.es\/wp-content\/uploads\/2025\/12\/MIGUEL-ANGEL-1-683x1024.jpg","datePublished":"2025-09-04T12:19:36+00:00","dateModified":"2025-12-31T17:31:02+00:00","breadcrumb":{"@id":"https:\/\/financialplanning.adrirodrigom3.es\/contacto\/#breadcrumb"},"inLanguage":"en-US","potentialAction":[{"@type":"ReadAction","target":["https:\/\/financialplanning.adrirodrigom3.es\/contacto\/"]}]},{"@type":"ImageObject","inLanguage":"en-US","@id":"https:\/\/financialplanning.adrirodrigom3.es\/contacto\/#primaryimage","url":"https:\/\/financialplanning.adrirodrigom3.es\/wp-content\/uploads\/2025\/12\/MIGUEL-ANGEL-1-683x1024.jpg","contentUrl":"https:\/\/financialplanning.adrirodrigom3.es\/wp-content\/uploads\/2025\/12\/MIGUEL-ANGEL-1-683x1024.jpg"},{"@type":"BreadcrumbList","@id":"https:\/\/financialplanning.adrirodrigom3.es\/contacto\/#breadcrumb","itemListElement":[{"@type":"ListItem","position":1,"name":"Portada","item":"https:\/\/financialplanning.adrirodrigom3.es\/"},{"@type":"ListItem","position":2,"name":"Contacto"}]},{"@type":"WebSite","@id":"https:\/\/financialplanning.adrirodrigom3.es\/#website","url":"https:\/\/financialplanning.adrirodrigom3.es\/","name":"CS Financial Planning","description":"servicios de educaci\u00f3n y planificaci\u00f3n financiera","publisher":{"@id":"https:\/\/financialplanning.adrirodrigom3.es\/#organization"},"potentialAction":[{"@type":"SearchAction","target":{"@type":"EntryPoint","urlTemplate":"https:\/\/financialplanning.adrirodrigom3.es\/?s={search_term_string}"},"query-input":{"@type":"PropertyValueSpecification","valueRequired":true,"valueName":"search_term_string"}}],"inLanguage":"en-US"},{"@type":"Organization","@id":"https:\/\/financialplanning.adrirodrigom3.es\/#organization","name":"CS Financial Planning","url":"https:\/\/financialplanning.adrirodrigom3.es\/","logo":{"@type":"ImageObject","inLanguage":"en-US","@id":"https:\/\/financialplanning.adrirodrigom3.es\/#\/schema\/logo\/image\/","url":"https:\/\/financialplanning.adrirodrigom3.es\/wp-content\/uploads\/2025\/01\/logo-horizontal.png","contentUrl":"https:\/\/financialplanning.adrirodrigom3.es\/wp-content\/uploads\/2025\/01\/logo-horizontal.png","width":479,"height":156,"caption":"CS Financial Planning"},"image":{"@id":"https:\/\/financialplanning.adrirodrigom3.es\/#\/schema\/logo\/image\/"}}]}},"_links":{"self":[{"href":"https:\/\/financialplanning.adrirodrigom3.es\/en\/wp-json\/wp\/v2\/pages\/480","targetHints":{"allow":["GET"]}}],"collection":[{"href":"https:\/\/financialplanning.adrirodrigom3.es\/en\/wp-json\/wp\/v2\/pages"}],"about":[{"href":"https:\/\/financialplanning.adrirodrigom3.es\/en\/wp-json\/wp\/v2\/types\/page"}],"author":[{"embeddable":true,"href":"https:\/\/financialplanning.adrirodrigom3.es\/en\/wp-json\/wp\/v2\/users\/9"}],"replies":[{"embeddable":true,"href":"https:\/\/financialplanning.adrirodrigom3.es\/en\/wp-json\/wp\/v2\/comments?post=480"}],"version-history":[{"count":28,"href":"https:\/\/financialplanning.adrirodrigom3.es\/en\/wp-json\/wp\/v2\/pages\/480\/revisions"}],"predecessor-version":[{"id":995,"href":"https:\/\/financialplanning.adrirodrigom3.es\/en\/wp-json\/wp\/v2\/pages\/480\/revisions\/995"}],"wp:attachment":[{"href":"https:\/\/financialplanning.adrirodrigom3.es\/en\/wp-json\/wp\/v2\/media?parent=480"}],"curies":[{"name":"wp","href":"https:\/\/api.w.org\/{rel}","templated":true}]}}