{"id":570,"date":"2025-12-03T14:38:43","date_gmt":"2025-12-03T13:38:43","guid":{"rendered":"https:\/\/financialplanning.adrirodrigom3.es\/?page_id=570"},"modified":"2025-12-31T15:30:05","modified_gmt":"2025-12-31T14:30:05","slug":"empresas","status":"publish","type":"page","link":"https:\/\/financialplanning.adrirodrigom3.es\/en\/empresas\/","title":{"rendered":"Companies"},"content":{"rendered":"\t\t<div data-elementor-type=\"wp-page\" data-elementor-id=\"570\" class=\"elementor elementor-570\" data-elementor-post-type=\"page\">\n\t\t\t\t<div class=\"elementor-element elementor-element-066d805 e-con-full e-flex e-con e-parent\" data-id=\"066d805\" data-element_type=\"container\" data-e-type=\"container\" data-settings=\"{&quot;background_background&quot;:&quot;classic&quot;}\">\n\t\t<div class=\"elementor-element elementor-element-899ee15 e-flex e-con-boxed e-con e-child\" data-id=\"899ee15\" data-element_type=\"container\" data-e-type=\"container\">\n\t\t\t\t\t<div class=\"e-con-inner\">\n\t\t\t\t<div class=\"elementor-element elementor-element-2d66c71 elementor-widget elementor-widget-heading\" data-id=\"2d66c71\" data-element_type=\"widget\" data-e-type=\"widget\" data-widget_type=\"heading.default\">\n\t\t\t\t<div class=\"elementor-widget-container\">\n\t\t\t\t\t<h2 class=\"elementor-heading-title elementor-size-default\">Programa Empresas<\/h2>\t\t\t\t<\/div>\n\t\t\t\t<\/div>\n\t\t\t\t<div class=\"elementor-element elementor-element-02bdb86 elementor-widget elementor-widget-text-editor\" data-id=\"02bdb86\" data-element_type=\"widget\" data-e-type=\"widget\" data-widget_type=\"text-editor.default\">\n\t\t\t\t<div class=\"elementor-widget-container\">\n\t\t\t\t\t\t\t\t\t<p><span class=\"text-o-color-4\"><strong>\u00bfTienes una empresa o\u00a0eres responsable de RRHH y\u00a0quieres mejorar la educaci\u00f3n financiera de tu personal?\u00a0<\/strong>\u00a0<\/span><span class=\"text-o-color-4\"><strong>Descubre qu\u00e9\u00a0beneficios puedes obtener con nuestros\u00a0servicios de bienestar social\u00a0para empresas.<\/strong><\/span><\/p>\t\t\t\t\t\t\t\t<\/div>\n\t\t\t\t<\/div>\n\t\t\t\t\t<\/div>\n\t\t\t\t<\/div>\n\t\t\t\t<\/div>\n\t\t<div class=\"elementor-element elementor-element-1940826 e-con-full e-flex e-con e-parent\" data-id=\"1940826\" data-element_type=\"container\" data-e-type=\"container\">\n\t\t<div class=\"elementor-element elementor-element-68034ef e-flex e-con-boxed e-con e-child\" data-id=\"68034ef\" data-element_type=\"container\" data-e-type=\"container\">\n\t\t\t\t\t<div class=\"e-con-inner\">\n\t\t\t\t<div class=\"elementor-element elementor-element-b115fef elementor-widget elementor-widget-heading\" data-id=\"b115fef\" data-element_type=\"widget\" data-e-type=\"widget\" data-widget_type=\"heading.default\">\n\t\t\t\t<div class=\"elementor-widget-container\">\n\t\t\t\t\t<h2 class=\"elementor-heading-title elementor-size-default\">\u00bfPor qu\u00e9 ocuparse del bienestar de los trabajadores?<\/h2>\t\t\t\t<\/div>\n\t\t\t\t<\/div>\n\t\t\t\t<div class=\"elementor-element elementor-element-41aec03 elementor-widget elementor-widget-text-editor\" data-id=\"41aec03\" data-element_type=\"widget\" data-e-type=\"widget\" data-widget_type=\"text-editor.default\">\n\t\t\t\t<div class=\"elementor-widget-container\">\n\t\t\t\t\t\t\t\t\t<p><span style=\"font-weight: 400;\">En Espa\u00f1a, las empresas y los interlocutores sociales saben lo importante que es contar con trabajadores conscientes y serenos, que no vivan bajo la presi\u00f3n de los problemas econ\u00f3micos, que tengan los medios para proteger a su familia y puedan alcanzar sus objetivos vitales.\u00a0<\/span><\/p><p><span style=\"font-weight: 400;\">Las empresas que est\u00e1n profesionalizando los\u00a0<\/span><b>programas de bienestar corporativo<\/b><span style=\"font-weight: 400;\">\u00a0e incorporando\u00a0<\/span><b>programas de educaci\u00f3n financiera de calidad<\/b><span style=\"font-weight: 400;\">\u00a0consiguen\u00a0<\/span><b>resultados m\u00e1s satisfactorios<\/b><span style=\"font-weight: 400;\">.<\/span><\/p><p><span style=\"font-weight: 400;\">Los resultados medidos muestran una fuerte mejora en las condiciones econ\u00f3micas y psicol\u00f3gicas de los trabajadores y las familias, con un beneficio particular para los trabajadores separados, solteros y solteros con hijos, categor\u00edas fr\u00e1giles que necesitan conciencia y trabajo en su cuenta de resultados, presente y futura.<\/span><\/p><p><b>La clave<\/b><b>\u00a0<\/b><span style=\"font-weight: 400;\">est\u00e1 en disponer de\u00a0<\/span><b>la figura del \u201cWelfare Manager\u201d<\/b><span style=\"font-weight: 400;\">\u00a0un profesional con las competencias y las herramientas para realizar el plan de bienestar corporativo siguiendo est\u00e1ndares de calidad reconocidos.<\/span><\/p><p><span style=\"font-weight: 400;\">En este sentido la AEPF ofrece a las empresas la posibilidad de mejorar o implementar un programa de bienestar corporativo basado en normas t\u00e9cnicas de calidad,\u00a0o simplemente mejorar la educaci\u00f3n financiera de sus trabajadores a trav\u00e9s de nuestro\u00a0<\/span><b>programa YoWelfare<\/b><span style=\"font-weight: 400;\">.<\/span><\/p>\t\t\t\t\t\t\t\t<\/div>\n\t\t\t\t<\/div>\n\t\t\t\t\t<\/div>\n\t\t\t\t<\/div>\n\t\t\t\t<\/div>\n\t\t<div class=\"elementor-element elementor-element-eb90114 e-con-full e-flex e-con e-parent\" data-id=\"eb90114\" data-element_type=\"container\" data-e-type=\"container\">\n\t\t<div class=\"elementor-element elementor-element-d2ce7f3 elementor-hidden-desktop elementor-hidden-tablet elementor-hidden-mobile e-flex e-con-boxed e-con e-child\" data-id=\"d2ce7f3\" data-element_type=\"container\" data-e-type=\"container\">\n\t\t\t\t\t<div class=\"e-con-inner\">\n\t\t\t\t<div class=\"elementor-element elementor-element-151a4a6 elementor-widget elementor-widget-heading\" data-id=\"151a4a6\" data-element_type=\"widget\" data-e-type=\"widget\" data-widget_type=\"heading.default\">\n\t\t\t\t<div class=\"elementor-widget-container\">\n\t\t\t\t\t<h2 class=\"elementor-heading-title elementor-size-default\">\u00bfQu\u00e9 servicios ofrecemos a las empresas y otras instituciones?<\/h2>\t\t\t\t<\/div>\n\t\t\t\t<\/div>\n\t\t\t\t\t<\/div>\n\t\t\t\t<\/div>\n\t\t\t\t<\/div>\n\t\t<div class=\"elementor-element elementor-element-08d880f e-con-full e-flex e-con e-parent\" data-id=\"08d880f\" data-element_type=\"container\" data-e-type=\"container\">\n\t\t<div class=\"elementor-element elementor-element-ef0db7c e-flex e-con-boxed e-con e-child\" data-id=\"ef0db7c\" data-element_type=\"container\" data-e-type=\"container\" data-settings=\"{&quot;background_background&quot;:&quot;classic&quot;}\">\n\t\t\t\t\t<div class=\"e-con-inner\">\n\t\t<div class=\"elementor-element elementor-element-2e7e5de e-con-full e-flex e-con e-child\" data-id=\"2e7e5de\" data-element_type=\"container\" data-e-type=\"container\" data-settings=\"{&quot;background_background&quot;:&quot;classic&quot;}\">\n\t\t\t\t<div class=\"elementor-element elementor-element-170099c elementor-widget elementor-widget-heading\" data-id=\"170099c\" data-element_type=\"widget\" data-e-type=\"widget\" data-widget_type=\"heading.default\">\n\t\t\t\t<div class=\"elementor-widget-container\">\n\t\t\t\t\t<h2 class=\"elementor-heading-title elementor-size-default\">RELLENA ESTE FORMULARIO<\/h2>\t\t\t\t<\/div>\n\t\t\t\t<\/div>\n\t\t\t\t<div class=\"elementor-element elementor-element-601bfd1 elementor-widget elementor-widget-heading\" data-id=\"601bfd1\" data-element_type=\"widget\" data-e-type=\"widget\" data-widget_type=\"heading.default\">\n\t\t\t\t<div class=\"elementor-widget-container\">\n\t\t\t\t\t<h3 class=\"elementor-heading-title elementor-size-default\">para pedir informaciones sobre los servicios personalizados<\/h3>\t\t\t\t<\/div>\n\t\t\t\t<\/div>\n\t\t\t\t<\/div>\n\t\t<div class=\"elementor-element elementor-element-a50d7d6 e-con-full e-flex e-con e-child\" data-id=\"a50d7d6\" data-element_type=\"container\" data-e-type=\"container\" data-settings=\"{&quot;background_background&quot;:&quot;classic&quot;}\">\n\t\t\t\t<div class=\"elementor-element elementor-element-92c6b7a elementor-widget elementor-widget-heading\" data-id=\"92c6b7a\" data-element_type=\"widget\" data-e-type=\"widget\" data-widget_type=\"heading.default\">\n\t\t\t\t<div class=\"elementor-widget-container\">\n\t\t\t\t\t<h3 class=\"elementor-heading-title elementor-size-default\">\u00bfNecesitas Ponerte En Contacto Con Nosotros?\n<\/h3>\t\t\t\t<\/div>\n\t\t\t\t<\/div>\n\t\t\t\t<div class=\"elementor-element elementor-element-8ba48b7 elementor-widget elementor-widget-heading\" data-id=\"8ba48b7\" data-element_type=\"widget\" data-e-type=\"widget\" data-widget_type=\"heading.default\">\n\t\t\t\t<div class=\"elementor-widget-container\">\n\t\t\t\t\t<h2 class=\"elementor-heading-title elementor-size-default\">Reserva una cita\n<\/h2>\t\t\t\t<\/div>\n\t\t\t\t<\/div>\n\t\t\t\t<div class=\"elementor-element elementor-element-0bdaaa2 elementor-button-align-start elementor-widget elementor-widget-form\" data-id=\"0bdaaa2\" data-element_type=\"widget\" data-e-type=\"widget\" data-settings=\"{&quot;step_next_label&quot;:&quot;Siguiente&quot;,&quot;step_previous_label&quot;:&quot;Anterior&quot;,&quot;button_width&quot;:&quot;100&quot;,&quot;step_type&quot;:&quot;number_text&quot;,&quot;step_icon_shape&quot;:&quot;circle&quot;}\" data-widget_type=\"form.default\">\n\t\t\t\t<div class=\"elementor-widget-container\">\n\t\t\t\t\t\t\t<form class=\"elementor-form\" method=\"post\" name=\"Nuevo formulario\" aria-label=\"Nuevo formulario\">\n\t\t\t<input type=\"hidden\" name=\"post_id\" value=\"570\"\/>\n\t\t\t<input type=\"hidden\" name=\"form_id\" value=\"0bdaaa2\"\/>\n\t\t\t<input type=\"hidden\" name=\"referer_title\" value=\"Empresas - CS Financial Planning\" \/>\n\n\t\t\t\t\t\t\t<input type=\"hidden\" name=\"queried_id\" value=\"570\"\/>\n\t\t\t\n\t\t\t<div class=\"elementor-form-fields-wrapper elementor-labels-above\">\n\t\t\t\t\t\t\t\t<div class=\"elementor-field-type-text elementor-field-group elementor-column elementor-field-group-name elementor-col-100\">\n\t\t\t\t\t\t\t\t\t\t\t\t<label for=\"form-field-name\" class=\"elementor-field-label\">\n\t\t\t\t\t\t\t\tNombre\t\t\t\t\t\t\t<\/label>\n\t\t\t\t\t\t\t\t\t\t\t\t\t\t<input size=\"1\" type=\"text\" name=\"form_fields[name]\" id=\"form-field-name\" class=\"elementor-field elementor-size-sm  elementor-field-textual\" placeholder=\"Nombre\">\n\t\t\t\t\t\t\t\t\t\t\t<\/div>\n\t\t\t\t\t\t\t\t<div class=\"elementor-field-type-email elementor-field-group elementor-column elementor-field-group-email elementor-col-100 elementor-field-required\">\n\t\t\t\t\t\t\t\t\t\t\t\t<label for=\"form-field-email\" class=\"elementor-field-label\">\n\t\t\t\t\t\t\t\tCorreo electr\u00f3nico\t\t\t\t\t\t\t<\/label>\n\t\t\t\t\t\t\t\t\t\t\t\t\t\t<input size=\"1\" type=\"email\" name=\"form_fields[email]\" id=\"form-field-email\" class=\"elementor-field elementor-size-sm  elementor-field-textual\" placeholder=\"Correo electr\u00f3nico\" required=\"required\">\n\t\t\t\t\t\t\t\t\t\t\t<\/div>\n\t\t\t\t\t\t\t\t<div class=\"elementor-field-type-textarea elementor-field-group elementor-column elementor-field-group-message elementor-col-100\">\n\t\t\t\t\t\t\t\t\t\t\t\t<label for=\"form-field-message\" class=\"elementor-field-label\">\n\t\t\t\t\t\t\t\tMensaje\t\t\t\t\t\t\t<\/label>\n\t\t\t\t\t\t<textarea class=\"elementor-field-textual elementor-field  elementor-size-sm\" name=\"form_fields[message]\" id=\"form-field-message\" rows=\"4\" placeholder=\"Mensaje\"><\/textarea>\t\t\t\t<\/div>\n\t\t\t\t\t\t\t\t<div class=\"elementor-field-type-checkbox elementor-field-group elementor-column elementor-field-group-field_86287da elementor-col-100\">\n\t\t\t\t\t\t\t\t\t\t\t\t<label for=\"form-field-field_86287da\" class=\"elementor-field-label\">\n\t\t\t\t\t\t\t\tAcuerdo RGPD\t\t\t\t\t\t\t<\/label>\n\t\t\t\t\t\t<div class=\"elementor-field-subgroup  \"><span class=\"elementor-field-option\"><input type=\"checkbox\" value=\"Doy mi consentimiento para que esta web almacene la informaci\u00f3n que env\u00edo para que puedan responder a mi petici\u00f3n. He le\u00eddo y acepto la &lt;a href=&quot;https:\/\/financialplanning.adrirodrigom3.es\/privacidad\/&quot; target=&quot;_blank&quot;&gt;Pol\u00edtica de Privacidad&lt;\/a&gt;\" id=\"form-field-field_86287da-0\" name=\"form_fields[field_86287da]\"> <label for=\"form-field-field_86287da-0\">Doy mi consentimiento para que esta web almacene la informaci\u00f3n que env\u00edo para que puedan responder a mi petici\u00f3n. He le\u00eddo y acepto la <a href=\"https:\/\/financialplanning.adrirodrigom3.es\/privacidad\/\" target=\"_blank\">Pol\u00edtica de Privacidad<\/a><\/label><\/span><\/div>\t\t\t\t<\/div>\n\t\t\t\t\t\t\t\t<div class=\"elementor-field-type-html elementor-field-group elementor-column elementor-field-group-field_32406d0 elementor-col-100\">\n\t\t\t\t\t<span class=\"texto-legal\">Le informamos que, los datos de car\u00e1cter personal que nos proporciones rellenando el presente formulario ser\u00e1n tratados por CS Financial Planning como responsable de este fichero. Finalidad de la recogida y tratamiento de los datos personales: gestionar la solicitud que realiza en este formulario de contacto y enviarle la informaci\u00f3n correspondiente relacionada con el mismo. Puede consultar la informaci\u00f3n detallada aqu\u00ed arriba pulsando en Pol\u00edtica de Privacidad.<\/span>\t\t\t\t<\/div>\n\t\t\t\t\t\t\t\t<div class=\"elementor-field-type-recaptcha elementor-field-group elementor-column elementor-field-group-field_816912b elementor-col-100\">\n\t\t\t\t\t<div class=\"elementor-field\" id=\"form-field-field_816912b\"><div class=\"elementor-g-recaptcha\" data-sitekey=\"6Lc4yDAsAAAAAA7N6qEv50Lus4C6HiuJqON-GYz5\" data-type=\"v2_checkbox\" data-theme=\"light\" data-size=\"normal\"><\/div><\/div>\t\t\t\t<\/div>\n\t\t\t\t\t\t\t\t<div class=\"elementor-field-group elementor-column elementor-field-type-submit elementor-col-100 e-form__buttons\">\n\t\t\t\t\t<button class=\"elementor-button elementor-size-sm\" type=\"submit\">\n\t\t\t\t\t\t<span class=\"elementor-button-content-wrapper\">\n\t\t\t\t\t\t\t\t\t\t\t\t\t\t\t\t\t\t\t\t\t\t<span class=\"elementor-button-text\">Enviar<\/span>\n\t\t\t\t\t\t\t\t\t\t\t\t\t<\/span>\n\t\t\t\t\t<\/button>\n\t\t\t\t<\/div>\n\t\t\t<\/div>\n\t\t<\/form>\n\t\t\t\t\t\t<\/div>\n\t\t\t\t<\/div>\n\t\t\t\t<\/div>\n\t\t\t\t\t<\/div>\n\t\t\t\t<\/div>\n\t\t\t\t<\/div>\n\t\t\t\t<\/div>\n\t\t","protected":false},"excerpt":{"rendered":"<p>Programa Empresas \u00bfTienes una empresa o\u00a0eres responsable de RRHH y\u00a0quieres mejorar la educaci\u00f3n financiera de tu personal?\u00a0\u00a0Descubre qu\u00e9\u00a0beneficios puedes obtener con nuestros\u00a0servicios de bienestar social\u00a0para empresas. \u00bfPor qu\u00e9 ocuparse del bienestar de los trabajadores? En Espa\u00f1a, las empresas y los interlocutores sociales saben lo importante que es contar con trabajadores conscientes y serenos, que no [&hellip;]<\/p>\n","protected":false},"author":10,"featured_media":0,"parent":0,"menu_order":0,"comment_status":"closed","ping_status":"closed","template":"elementor_header_footer","meta":{"_joinchat":[],"footnotes":""},"class_list":["post-570","page","type-page","status-publish","hentry"],"yoast_head":"<!-- This site is optimized with the Yoast SEO plugin v27.4 - https:\/\/yoast.com\/product\/yoast-seo-wordpress\/ -->\n<title>Empresas - CS Financial Planning<\/title>\n<meta name=\"robots\" content=\"noindex, follow, max-snippet:-1, max-image-preview:large, max-video-preview:-1\" \/>\n<meta property=\"og:locale\" content=\"en_US\" \/>\n<meta property=\"og:type\" content=\"article\" \/>\n<meta property=\"og:title\" content=\"Empresas - CS Financial Planning\" \/>\n<meta property=\"og:description\" content=\"Programa Empresas \u00bfTienes una empresa o\u00a0eres responsable de RRHH y\u00a0quieres mejorar la educaci\u00f3n financiera de tu personal?\u00a0\u00a0Descubre qu\u00e9\u00a0beneficios puedes obtener con nuestros\u00a0servicios de bienestar social\u00a0para empresas. \u00bfPor qu\u00e9 ocuparse del bienestar de los trabajadores? En Espa\u00f1a, las empresas y los interlocutores sociales saben lo importante que es contar con trabajadores conscientes y serenos, que no [&hellip;]\" \/>\n<meta property=\"og:url\" content=\"https:\/\/financialplanning.adrirodrigom3.es\/en\/empresas\/\" \/>\n<meta property=\"og:site_name\" content=\"CS Financial Planning\" \/>\n<meta property=\"article:modified_time\" content=\"2025-12-31T14:30:05+00:00\" \/>\n<meta name=\"twitter:card\" content=\"summary_large_image\" \/>\n<meta name=\"twitter:label1\" content=\"Est. reading time\" \/>\n\t<meta name=\"twitter:data1\" content=\"2 minutes\" \/>\n<script type=\"application\/ld+json\" class=\"yoast-schema-graph\">{\"@context\":\"https:\\\/\\\/schema.org\",\"@graph\":[{\"@type\":\"WebPage\",\"@id\":\"https:\\\/\\\/financialplanning.adrirodrigom3.es\\\/empresas\\\/\",\"url\":\"https:\\\/\\\/financialplanning.adrirodrigom3.es\\\/empresas\\\/\",\"name\":\"Empresas - CS Financial Planning\",\"isPartOf\":{\"@id\":\"https:\\\/\\\/financialplanning.adrirodrigom3.es\\\/#website\"},\"datePublished\":\"2025-12-03T13:38:43+00:00\",\"dateModified\":\"2025-12-31T14:30:05+00:00\",\"breadcrumb\":{\"@id\":\"https:\\\/\\\/financialplanning.adrirodrigom3.es\\\/empresas\\\/#breadcrumb\"},\"inLanguage\":\"en-US\",\"potentialAction\":[{\"@type\":\"ReadAction\",\"target\":[\"https:\\\/\\\/financialplanning.adrirodrigom3.es\\\/empresas\\\/\"]}]},{\"@type\":\"BreadcrumbList\",\"@id\":\"https:\\\/\\\/financialplanning.adrirodrigom3.es\\\/empresas\\\/#breadcrumb\",\"itemListElement\":[{\"@type\":\"ListItem\",\"position\":1,\"name\":\"Portada\",\"item\":\"https:\\\/\\\/financialplanning.adrirodrigom3.es\\\/\"},{\"@type\":\"ListItem\",\"position\":2,\"name\":\"Empresas\"}]},{\"@type\":\"WebSite\",\"@id\":\"https:\\\/\\\/financialplanning.adrirodrigom3.es\\\/#website\",\"url\":\"https:\\\/\\\/financialplanning.adrirodrigom3.es\\\/\",\"name\":\"CS Financial Planning\",\"description\":\"servicios de educaci\u00f3n y planificaci\u00f3n financiera\",\"publisher\":{\"@id\":\"https:\\\/\\\/financialplanning.adrirodrigom3.es\\\/#organization\"},\"potentialAction\":[{\"@type\":\"SearchAction\",\"target\":{\"@type\":\"EntryPoint\",\"urlTemplate\":\"https:\\\/\\\/financialplanning.adrirodrigom3.es\\\/?s={search_term_string}\"},\"query-input\":{\"@type\":\"PropertyValueSpecification\",\"valueRequired\":true,\"valueName\":\"search_term_string\"}}],\"inLanguage\":\"en-US\"},{\"@type\":\"Organization\",\"@id\":\"https:\\\/\\\/financialplanning.adrirodrigom3.es\\\/#organization\",\"name\":\"CS Financial Planning\",\"url\":\"https:\\\/\\\/financialplanning.adrirodrigom3.es\\\/\",\"logo\":{\"@type\":\"ImageObject\",\"inLanguage\":\"en-US\",\"@id\":\"https:\\\/\\\/financialplanning.adrirodrigom3.es\\\/#\\\/schema\\\/logo\\\/image\\\/\",\"url\":\"https:\\\/\\\/financialplanning.adrirodrigom3.es\\\/wp-content\\\/uploads\\\/2025\\\/01\\\/logo-horizontal.png\",\"contentUrl\":\"https:\\\/\\\/financialplanning.adrirodrigom3.es\\\/wp-content\\\/uploads\\\/2025\\\/01\\\/logo-horizontal.png\",\"width\":479,\"height\":156,\"caption\":\"CS Financial Planning\"},\"image\":{\"@id\":\"https:\\\/\\\/financialplanning.adrirodrigom3.es\\\/#\\\/schema\\\/logo\\\/image\\\/\"}}]}<\/script>\n<!-- \/ Yoast SEO plugin. -->","yoast_head_json":{"title":"Empresas - CS Financial Planning","robots":{"index":"noindex","follow":"follow","max-snippet":"max-snippet:-1","max-image-preview":"max-image-preview:large","max-video-preview":"max-video-preview:-1"},"og_locale":"en_US","og_type":"article","og_title":"Empresas - CS Financial Planning","og_description":"Programa Empresas \u00bfTienes una empresa o\u00a0eres responsable de RRHH y\u00a0quieres mejorar la educaci\u00f3n financiera de tu personal?\u00a0\u00a0Descubre qu\u00e9\u00a0beneficios puedes obtener con nuestros\u00a0servicios de bienestar social\u00a0para empresas. \u00bfPor qu\u00e9 ocuparse del bienestar de los trabajadores? En Espa\u00f1a, las empresas y los interlocutores sociales saben lo importante que es contar con trabajadores conscientes y serenos, que no [&hellip;]","og_url":"https:\/\/financialplanning.adrirodrigom3.es\/en\/empresas\/","og_site_name":"CS Financial Planning","article_modified_time":"2025-12-31T14:30:05+00:00","twitter_card":"summary_large_image","twitter_misc":{"Est. reading time":"2 minutes"},"schema":{"@context":"https:\/\/schema.org","@graph":[{"@type":"WebPage","@id":"https:\/\/financialplanning.adrirodrigom3.es\/empresas\/","url":"https:\/\/financialplanning.adrirodrigom3.es\/empresas\/","name":"Empresas - CS Financial Planning","isPartOf":{"@id":"https:\/\/financialplanning.adrirodrigom3.es\/#website"},"datePublished":"2025-12-03T13:38:43+00:00","dateModified":"2025-12-31T14:30:05+00:00","breadcrumb":{"@id":"https:\/\/financialplanning.adrirodrigom3.es\/empresas\/#breadcrumb"},"inLanguage":"en-US","potentialAction":[{"@type":"ReadAction","target":["https:\/\/financialplanning.adrirodrigom3.es\/empresas\/"]}]},{"@type":"BreadcrumbList","@id":"https:\/\/financialplanning.adrirodrigom3.es\/empresas\/#breadcrumb","itemListElement":[{"@type":"ListItem","position":1,"name":"Portada","item":"https:\/\/financialplanning.adrirodrigom3.es\/"},{"@type":"ListItem","position":2,"name":"Empresas"}]},{"@type":"WebSite","@id":"https:\/\/financialplanning.adrirodrigom3.es\/#website","url":"https:\/\/financialplanning.adrirodrigom3.es\/","name":"CS Financial Planning","description":"servicios de educaci\u00f3n y planificaci\u00f3n financiera","publisher":{"@id":"https:\/\/financialplanning.adrirodrigom3.es\/#organization"},"potentialAction":[{"@type":"SearchAction","target":{"@type":"EntryPoint","urlTemplate":"https:\/\/financialplanning.adrirodrigom3.es\/?s={search_term_string}"},"query-input":{"@type":"PropertyValueSpecification","valueRequired":true,"valueName":"search_term_string"}}],"inLanguage":"en-US"},{"@type":"Organization","@id":"https:\/\/financialplanning.adrirodrigom3.es\/#organization","name":"CS Financial Planning","url":"https:\/\/financialplanning.adrirodrigom3.es\/","logo":{"@type":"ImageObject","inLanguage":"en-US","@id":"https:\/\/financialplanning.adrirodrigom3.es\/#\/schema\/logo\/image\/","url":"https:\/\/financialplanning.adrirodrigom3.es\/wp-content\/uploads\/2025\/01\/logo-horizontal.png","contentUrl":"https:\/\/financialplanning.adrirodrigom3.es\/wp-content\/uploads\/2025\/01\/logo-horizontal.png","width":479,"height":156,"caption":"CS Financial Planning"},"image":{"@id":"https:\/\/financialplanning.adrirodrigom3.es\/#\/schema\/logo\/image\/"}}]}},"_links":{"self":[{"href":"https:\/\/financialplanning.adrirodrigom3.es\/en\/wp-json\/wp\/v2\/pages\/570","targetHints":{"allow":["GET"]}}],"collection":[{"href":"https:\/\/financialplanning.adrirodrigom3.es\/en\/wp-json\/wp\/v2\/pages"}],"about":[{"href":"https:\/\/financialplanning.adrirodrigom3.es\/en\/wp-json\/wp\/v2\/types\/page"}],"author":[{"embeddable":true,"href":"https:\/\/financialplanning.adrirodrigom3.es\/en\/wp-json\/wp\/v2\/users\/10"}],"replies":[{"embeddable":true,"href":"https:\/\/financialplanning.adrirodrigom3.es\/en\/wp-json\/wp\/v2\/comments?post=570"}],"version-history":[{"count":21,"href":"https:\/\/financialplanning.adrirodrigom3.es\/en\/wp-json\/wp\/v2\/pages\/570\/revisions"}],"predecessor-version":[{"id":910,"href":"https:\/\/financialplanning.adrirodrigom3.es\/en\/wp-json\/wp\/v2\/pages\/570\/revisions\/910"}],"wp:attachment":[{"href":"https:\/\/financialplanning.adrirodrigom3.es\/en\/wp-json\/wp\/v2\/media?parent=570"}],"curies":[{"name":"wp","href":"https:\/\/api.w.org\/{rel}","templated":true}]}}